{"id":38,"date":"2017-01-02T11:54:11","date_gmt":"2017-01-02T10:54:11","guid":{"rendered":"http:\/\/localhost:8888\/?page_id=2"},"modified":"2020-09-11T09:32:12","modified_gmt":"2020-09-11T07:32:12","slug":"presentation","status":"publish","type":"page","link":"https:\/\/arcalpin.ch\/de\/","title":{"rendered":"\u00dcbersicht"},"content":{"rendered":"<h1><b>Unser B\u00fcro stellt sich vor<\/b><\/h1>\n<p>arcalpin ist ein unabh\u00e4ngiges Planungsb\u00fcro mit einem Team, das seit 1990 erfolgreich in den Gebieten <strong>Raum- und Ressourcenmanagement<\/strong> sowie <strong>Projektmanagement<\/strong> arbeitet.<\/p>\n<p>arcalpin umfasst Fachleute in Raumplanung, Geografie, Umwelt und Agronomie, die in interdisziplin\u00e4ren Gruppen zusammenarbeiten und eine immer gr\u00f6ssere Zahl von Kunden im privaten und \u00f6ffentlichen Sektor beraten.<\/p>\n<p>arcalpin liefert qualitativ hochstehende Produkte und Dienstleistungen, die f\u00fcr Kunden, die raumordnerische Konflikte zu l\u00f6sen haben, und f\u00fcr Verantwortliche von innovativen Entwicklungsprojekten eine unerl\u00e4ssliche Entscheidungshilfe bilden.<\/p>\n<p><span class=\"titre\"><strong>Unsere Gesch\u00e4ftsphilosophie<\/strong><\/span><\/p>\n<p><em>Ein pragmatisches Vorgehen<\/em><\/p>\n<p>Seit grauer Vorzeit ist Entwicklung im Berggebiet ein dynamischer Prozess, der von wirtschaftlichen Rahmenbedingungen gelenkt wird und durch \u00f6kologische Einschr\u00e4nkungen und solche der Sicherheit begrenzt ist. Ein Raummanagement, wie wir es verstehen, hat deshalb vor allem eine wirtschaftliche Komponente und zielt in erster Linie auf eine Verbesserung der Wohn- und Arbeitsverh\u00e4ltnisse um Berggebiet.<\/p>\n<p><em>Die Abl\u00e4ufe beherrschen<\/em><\/p>\n<p>Eine immer gr\u00f6ssere Zahl von Gesetzen und Verordnungen regelt die Beziehungen zwischen Wohnen, wirtschaftlicher T\u00e4tigkeit und r\u00e4umlicher Entwicklung. arcalpin f\u00fchrt die Kunden durch den Gesetzesdschungel, damit sie ein optimales Vorgehen w\u00e4hlen und die Kosten im Griff behalten k\u00f6nnen<\/p>\n<p><em>Der &#8220;runde Tisch&#8221;<\/em><\/p>\n<p>Projekte mit Auswirkungen im Raum ber\u00fchren eine grosse Zahl von verschiedenen Interessen. Verhandlungen, zum Beispiel partnerschaftlich zwischen \u00f6ffentlichem und privatem Sektor, erm\u00f6glichen praktikable L\u00f6sungen, die von allen getragen werden.<\/p>\n<p><em>Spurensicherung schafft Identit\u00e4t<\/em><\/p>\n<p>Das bewohnte und bewirtschaftete Gel\u00e4nde im Berggebiet ist ganz vom Menschen gestaltet. Die Besonderheiten der Landschaft zeugen von der Erfindungskraft der Bewohner und m\u00fcssen aus Sicht der Siedlung, der Architektur und der Wirtschaft eine Inwertsetzung erfahren.<\/p>\n","protected":false},"excerpt":{"rendered":"<p>Unser B\u00fcro stellt sich vor arcalpin ist ein unabh\u00e4ngiges Planungsb\u00fcro mit einem Team, das seit 1990 erfolgreich in den Gebieten Raum- und Ressourcenmanagement sowie Projektmanagement arbeitet. arcalpin umfasst Fachleute in Raumplanung, Geografie, Umwelt und Agronomie, die in interdisziplin\u00e4ren Gruppen zusammenarbeiten und eine immer gr\u00f6ssere Zahl von Kunden im privaten und \u00f6ffentlichen Sektor beraten. arcalpin liefert &hellip; <\/p>\n<p class=\"link-more\"><a href=\"https:\/\/arcalpin.ch\/de\/\" class=\"more-link\"><span class=\"screen-reader-text\">\u201e\u00dcbersicht\u201c <\/span>weiterlesen<\/a><\/p>\n","protected":false},"author":1,"featured_media":0,"parent":0,"menu_order":0,"comment_status":"closed","ping_status":"closed","template":"","meta":{"footnotes":""},"class_list":["post-38","page","type-page","status-publish","hentry"],"translation":{"provider":"WPGlobus","version":"3.0.2","language":"de","enabled_languages":["fr","de"],"languages":{"fr":{"title":true,"content":true,"excerpt":false},"de":{"title":true,"content":true,"excerpt":false}}},"_links":{"self":[{"href":"https:\/\/arcalpin.ch\/de\/wp-json\/wp\/v2\/pages\/38","targetHints":{"allow":["GET"]}}],"collection":[{"href":"https:\/\/arcalpin.ch\/de\/wp-json\/wp\/v2\/pages"}],"about":[{"href":"https:\/\/arcalpin.ch\/de\/wp-json\/wp\/v2\/types\/page"}],"author":[{"embeddable":true,"href":"https:\/\/arcalpin.ch\/de\/wp-json\/wp\/v2\/users\/1"}],"replies":[{"embeddable":true,"href":"https:\/\/arcalpin.ch\/de\/wp-json\/wp\/v2\/comments?post=38"}],"version-history":[{"count":11,"href":"https:\/\/arcalpin.ch\/de\/wp-json\/wp\/v2\/pages\/38\/revisions"}],"predecessor-version":[{"id":651,"href":"https:\/\/arcalpin.ch\/de\/wp-json\/wp\/v2\/pages\/38\/revisions\/651"}],"wp:attachment":[{"href":"https:\/\/arcalpin.ch\/de\/wp-json\/wp\/v2\/media?parent=38"}],"curies":[{"name":"wp","href":"https:\/\/api.w.org\/{rel}","templated":true}]}}